{"id":42,"date":"2018-05-02T08:32:40","date_gmt":"2018-05-02T08:32:40","guid":{"rendered":"https:\/\/vpn-client.units.it\/?page_id=42"},"modified":"2026-03-10T09:42:35","modified_gmt":"2026-03-10T08:42:35","slug":"client-vpn","status":"publish","type":"page","link":"https:\/\/vpn-client.units.it\/","title":{"rendered":"Client VPN Fortinet"},"content":{"rendered":"\n<p><strong>Microsoft Windows<\/strong><br>Il client per Windows \u00e8 fornito in un pacchetto contenente gi\u00e0 la configurazione per l&#8217;Universit\u00e0 di Trieste.<br><strong>NB:<\/strong> l&#8217;installer per Windows NON \u00e8 compatibile con le architetture ARM. Contattare rete@units.it per ricevere l&#8217;installer per architettura ARM, non ancora rilasciato ufficialmente.<\/p>\n\n\n\n<p>Clicca sul seguente link per scaricarlo:<a href=\"https:\/\/vpn-client.units.it\/wp-content\/uploads\/forticlient\/Windows\/FortiClientSetup_7.2.14_x64.exe\">Forticlient Windows 64bit<\/a><\/p>\n\n\n\n<p>Dopo aver scaricato il pacchetto, eseguirlo per procedere con l&#8217;installazione del client VPN.<\/p>\n\n\n\n<p>Attenzione: Smartscreen <strong>potrebbe<\/strong> bloccarne l&#8217;esecuzione, in tal caso cliccare su &#8220;Ulteriori Informazioni&#8221; e quindi su &#8220;Esegui Comunque&#8221;:<strong><br><\/strong><img loading=\"lazy\" decoding=\"async\" class=\"alignnone size-medium wp-image-662\" src=\"https:\/\/vpn-client.units.it\/files\/2022\/05\/smartscreen-300x290.png\" alt=\"\" width=\"300\" height=\"290\" srcset=\"https:\/\/vpn-client.units.it\/files\/2022\/05\/smartscreen-300x290.png 300w, https:\/\/vpn-client.units.it\/files\/2022\/05\/smartscreen.png 558w\" sizes=\"auto, (max-width: 300px) 100vw, 300px\" \/><img loading=\"lazy\" decoding=\"async\" class=\"alignnone  wp-image-667\" src=\"https:\/\/vpn-client.units.it\/files\/2022\/05\/smartscreen2-300x279.png\" alt=\"\" width=\"310\" height=\"288\" srcset=\"https:\/\/vpn-client.units.it\/files\/2022\/05\/smartscreen2-300x279.png 300w, https:\/\/vpn-client.units.it\/files\/2022\/05\/smartscreen2.png 537w\" sizes=\"auto, (max-width: 310px) 100vw, 310px\" \/><\/p>\n\n\n\n<p>In alcuni rari casi, la preconfigurazione del pacchetto non funziona e il client VPN richiede un &#8220;server address or invitation code&#8221;:<br><img loading=\"lazy\" decoding=\"async\" width=\"479\" height=\"222\" class=\"alignnone  wp-image-782\" src=\"https:\/\/vpn-client.units.it\/files\/2023\/02\/FEMS-300x139.png\" alt=\"\" srcset=\"https:\/\/vpn-client.units.it\/files\/2023\/02\/FEMS-300x139.png 300w, https:\/\/vpn-client.units.it\/files\/2023\/02\/FEMS-1024x474.png 1024w, https:\/\/vpn-client.units.it\/files\/2023\/02\/FEMS-768x355.png 768w, https:\/\/vpn-client.units.it\/files\/2023\/02\/FEMS.png 1320w\" sizes=\"auto, (max-width: 479px) 100vw, 479px\" \/><br>In questo caso, inserire <strong>fems.units.it<\/strong> e premere &#8220;Connect&#8221;: il client si collegher\u00e0 al server per scaricare la parte di configurazione necessaria, e dopo qualche minuto sar\u00e0 disponibile la scheda Remote Access per la connessione VPN.<\/p>\n\n\n\n<p><strong>Apple MacOSX<\/strong>:<br>Il client per MacOSX (per versione 14 Sonoma, 15 Sequoia, 26 Tahoe) \u00e8 fornito in un pacchetto contenente gi\u00e0 la configurazione per l&#8217;Universit\u00e0 di Trieste.<\/p>\n\n\n\n<p>Clicca sul seguente link per scaricarlo: <a href=\"https:\/\/vpn-client.units.it\/wp-content\/uploads\/forticlient\/Mac\/FortiClient_7.2.14.dmg\">Forticlient MacOSX<\/a><br>Dopo aver scaricato il pacchetto, installarlo.<\/p>\n\n\n\n<p>Sugli ultimi MacOS \u00e8 talvolta necessario autorizzare esplicitamente i componenti software del client VPN, andando su &#8220;Impostazioni&#8221;, &#8220;Generali&#8221;, &#8220;Elementi login ed estensioni&#8221;:<\/p>\n\n\n\n<figure class=\"wp-block-image size-full\"><img loading=\"lazy\" decoding=\"async\" width=\"802\" height=\"983\" src=\"https:\/\/vpn-client.units.it\/files\/2025\/10\/image.png\" alt=\"\" class=\"wp-image-1447\" srcset=\"https:\/\/vpn-client.units.it\/files\/2025\/10\/image.png 802w, https:\/\/vpn-client.units.it\/files\/2025\/10\/image-245x300.png 245w, https:\/\/vpn-client.units.it\/files\/2025\/10\/image-768x941.png 768w\" sizes=\"auto, (max-width: 802px) 100vw, 802px\" \/><\/figure>\n\n\n\n<p>Scorrere la lista verso il basso per arrivare nella sezione &#8220;Estensioni&#8221; e fare click sulla (i) di &#8220;Estensioni di rete&#8221;:<\/p>\n\n\n\n<figure class=\"wp-block-image size-full\"><img loading=\"lazy\" decoding=\"async\" width=\"786\" height=\"975\" src=\"https:\/\/vpn-client.units.it\/files\/2025\/10\/image-1.png\" alt=\"\" class=\"wp-image-1452\" srcset=\"https:\/\/vpn-client.units.it\/files\/2025\/10\/image-1.png 786w, https:\/\/vpn-client.units.it\/files\/2025\/10\/image-1-242x300.png 242w, https:\/\/vpn-client.units.it\/files\/2025\/10\/image-1-768x953.png 768w\" sizes=\"auto, (max-width: 786px) 100vw, 786px\" \/><\/figure>\n\n\n\n<p>Abilitare le tre componenti <strong>FortiTray,<\/strong> <strong>FortiClientNetwork<\/strong> e <strong>FortiClientProxy<\/strong>:<\/p>\n\n\n\n<figure class=\"wp-block-image size-full\"><img loading=\"lazy\" decoding=\"async\" width=\"531\" height=\"450\" src=\"https:\/\/vpn-client.units.it\/files\/2025\/10\/image-2.png\" alt=\"\" class=\"wp-image-1457\" srcset=\"https:\/\/vpn-client.units.it\/files\/2025\/10\/image-2.png 531w, https:\/\/vpn-client.units.it\/files\/2025\/10\/image-2-300x254.png 300w\" sizes=\"auto, (max-width: 531px) 100vw, 531px\" \/><\/figure>\n\n\n\n<p>In alternativa provare a rimuovere e reinstallare il FortiClient, il sistema dovrebbe esplicitamente domandare di abilitare le componenti necessarie.<\/p>\n\n\n\n<p>(Si ringrazia il collega Loris Venuto per l&#8217;aggiornamento delle istruzioni)<\/p>\n\n\n\n<p><strong>Android<\/strong>:<br>Il client per Android necessita di essere configurato con i parametri per l&#8217;Universit\u00e0 di Trieste.<\/p>\n\n\n\n<p>Clicca sul seguente link per procedere sullo store Android e scaricare <a href=\"https:\/\/play.google.com\/store\/apps\/details?id=com.fortinet.forticlient_vpn\" target=\"_blank\" rel=\"noreferrer noopener\">FortiClient Android<\/a>, dopodich\u00e9 avvia l&#8217;applicazione e:<br>&#8211; crea una nuova connessione di tipo <strong>SSLVPN<\/strong><br>&#8211; imposta come server <strong>vpn.units.i<\/strong>t<br>&#8211; Verificare che in Forticlient Settings sia abilitata la voce &#8220;Warn Invalid Server Certificate&#8221;<\/p>\n\n\n\n<p><strong>Apple iOS<\/strong>:<br>Il client per iOS necessita di essere configurato con i parametri per l&#8217;Universit\u00e0 di Trieste.<\/p>\n\n\n\n<p>Clicca sul seguente link per procedere sullo store Apple e scaricare <a href=\"https:\/\/apps.apple.com\/it\/app\/forticlient-vpn\/id1475674905\" target=\"_blank\" rel=\"noreferrer noopener\">FortiClient iOS<\/a>, dopodich\u00e9 avvia l&#8217;applicazione e:<br>&#8211; crea una nuova connessione con secure protocol di tipo <strong>SSLVPN<\/strong> e assegnare un nome a piacere<br>&#8211; impostare come server <strong>vpn.units.it<\/strong><br>&#8211; impostare port a <strong>443<\/strong><br>&#8211; salvare e connettersi<\/p>\n\n\n\n<p><strong>Linux<\/strong>:<br>Vedere l&#8217;apposita pagina di <a href=\"https:\/\/vpn-client.units.it\/?page_id=422\">istruzioni per Linux<\/a>.<\/p>\n\n\n\n<p><\/p>\n","protected":false},"excerpt":{"rendered":"<p>Microsoft WindowsIl client per Windows \u00e8 fornito in un pacchetto contenente gi\u00e0 la configurazione per l&#8217;Universit\u00e0 di Trieste.NB: l&#8217;installer per Windows NON \u00e8 compatibile con le architetture ARM. Contattare rete@units.it [&hellip;]<\/p>\n","protected":false},"author":12,"featured_media":0,"parent":0,"menu_order":0,"comment_status":"closed","ping_status":"closed","template":"","meta":{"footnotes":""},"class_list":["post-42","page","type-page","status-publish","hentry"],"_links":{"self":[{"href":"https:\/\/vpn-client.units.it\/index.php?rest_route=\/wp\/v2\/pages\/42","targetHints":{"allow":["GET"]}}],"collection":[{"href":"https:\/\/vpn-client.units.it\/index.php?rest_route=\/wp\/v2\/pages"}],"about":[{"href":"https:\/\/vpn-client.units.it\/index.php?rest_route=\/wp\/v2\/types\/page"}],"author":[{"embeddable":true,"href":"https:\/\/vpn-client.units.it\/index.php?rest_route=\/wp\/v2\/users\/12"}],"replies":[{"embeddable":true,"href":"https:\/\/vpn-client.units.it\/index.php?rest_route=%2Fwp%2Fv2%2Fcomments&post=42"}],"version-history":[{"count":87,"href":"https:\/\/vpn-client.units.it\/index.php?rest_route=\/wp\/v2\/pages\/42\/revisions"}],"predecessor-version":[{"id":1512,"href":"https:\/\/vpn-client.units.it\/index.php?rest_route=\/wp\/v2\/pages\/42\/revisions\/1512"}],"wp:attachment":[{"href":"https:\/\/vpn-client.units.it\/index.php?rest_route=%2Fwp%2Fv2%2Fmedia&parent=42"}],"curies":[{"name":"wp","href":"https:\/\/api.w.org\/{rel}","templated":true}]}}